{"id":142,"date":"2026-03-14T07:25:45","date_gmt":"2026-03-14T07:25:45","guid":{"rendered":"https:\/\/erp.x10.mx\/?page_id=142"},"modified":"2026-03-14T07:44:33","modified_gmt":"2026-03-14T07:44:33","slug":"trang-chu","status":"publish","type":"page","link":"https:\/\/erp.x10.mx\/en\/","title":{"rendered":"Trang Ch\u1ee7"},"content":{"rendered":"<section class=\"section dark has-scroll-for-more\" id=\"section_789494209\">\n\t\t<div class=\"section-bg fill\" >\n\t\t\t<img loading=\"lazy\" decoding=\"async\" width=\"1118\" height=\"486\" src=\"https:\/\/erp.x10.mx\/wp-content\/uploads\/2026\/03\/Banner-Home.webp\" class=\"bg attachment- size-\" alt=\"\" \/>\t\t\t\t\t\t<button class=\"scroll-for-more z-5 icon absolute bottom h-center\" aria-label=\"Scroll for more\"><i class=\"icon-angle-down\" aria-hidden=\"true\" style=\"font-size:42px;\"><\/i><\/button>\n\t\t\t\n\n\t\t<\/div>\n\n\t\t\n\n\t\t<div class=\"section-content relative\">\n\t\t\t\n<div class=\"row align-center\"  id=\"row-1903343887\">\n\n\t<div id=\"col-357710541\" class=\"col medium-10 small-12 large-10\"  >\n\t\t\t\t<div class=\"col-inner text-center\"  >\n\t\t\t\n\t\t\t\n\t<div id=\"text-1361578202\" class=\"text\">\n\t\t\n<h2 class=\"uppercase\"><span style=\"color: #0000ff;\"><strong>WELCOME TO YI FENG<\/strong><\/span><\/h2>\n\t\t\n<style>\n#text-1361578202 {\n  font-size: 1.5rem;\n}\n<\/style>\n\t<\/div>\n\t\n\t<div id=\"gap-1997606533\" class=\"gap-element clearfix\" style=\"display:block; height:auto;\">\n\t\t\n<style>\n#gap-1997606533 {\n  padding-top: 30px;\n}\n<\/style>\n\t<\/div>\n\t\n\t<div id=\"gap-1329177412\" class=\"gap-element clearfix\" style=\"display:block; height:auto;\">\n\t\t\n<style>\n#gap-1329177412 {\n  padding-top: 30px;\n}\n<\/style>\n\t<\/div>\n\t\n<div class=\"row\"  id=\"row-703768182\">\n\n\t<div id=\"col-1613914384\" class=\"col medium-9 small-12 large-9\"  >\n\t\t\t\t<div class=\"col-inner\"  >\n\t\t\t\n\t\t\t\n<p>Lorem ipsum dolor sit amet, consectetuer adipiscing elit, sed diam nonummy nibh euismod tincidunt ut laoreet dolore magna aliquam erat volutpat.<\/p>\n\t\t<\/div>\n\t\t\t\t\t<\/div>\n\n\t\n<\/div>\n\t\t<\/div>\n\t\t\t\t\t<\/div>\n\n\t\n<\/div>\n\t\t<\/div>\n\n\t\t\n<style>\n#section_789494209 {\n  padding-top: 30px;\n  padding-bottom: 30px;\n  min-height: 600px;\n}\n#section_789494209 .section-bg img {\n  object-position: 63% 50%;\n}\n<\/style>\n\t<\/section>\n\t\n\n\t<section class=\"section\" id=\"section_19441690\">\n\t\t<div class=\"section-bg fill\" >\n\t\t\t\t\t\t\t\t\t\n\t\t\t\n\n\t\t<\/div>\n\n\t\t\n\n\t\t<div class=\"section-content relative\">\n\t\t\t\n<div class=\"row\"  id=\"row-1638767089\">\n\n\t<div id=\"col-477805890\" class=\"col small-12 large-12\"  >\n\t\t\t\t<div class=\"col-inner text-center\"  >\n\t\t\t\n\t\t\t\n<h1 class=\"display-5 mb-5\" style=\"text-align: center;\"><span style=\"color: #0000ff;\">DOANH NGHI\u1ec6P H\u1ea0NH PH\u00daC NH\u1ea4T<\/span><\/h1>\n<p style=\"text-align: center;\"><span style=\"color: #0000ff;\">trong ng\u00e0nh gi\u00e0y d\u00e9p to\u00e0n c\u1ea7u.<\/span><\/p>\n<p style=\"text-align: left;\"><span style=\"color: #000000;\">Ch\u00fang t\u00f4i cam k\u1ebft \u0111\u1eb7t m\u00ecnh l\u00e0 doanh nghi\u1ec7p h\u00e0ng \u0111\u1ea7u, \u0111\u00e1ng tin c\u1eady v\u00e0 h\u1ea1nh ph\u00fac nh\u1ea5t trong ng\u00e0nh c\u00f4ng nghi\u1ec7p gi\u00e0y d\u00e9p to\u00e0n c\u1ea7u. Khi ch\u00fang t\u00f4i b\u1eaft \u0111\u1ea7u h\u00e0nh tr\u00ecnh n\u00e0y, s\u1ef1 t\u1eadp trung c\u1ee7a ch\u00fang t\u00f4i v\u01b0\u1ee3t xa kh\u1ecfi th\u00e0nh c\u00f4ng kinh doanh \u0111\u01a1n thu\u1ea7n; ch\u00fang t\u00f4i c\u1ed1 g\u1eafng l\u00e0m phong ph\u00fa th\u00eam tr\u1ea3i nghi\u1ec7m cu\u1ed9c s\u1ed1ng c\u1ee7a t\u1ea5t c\u1ea3 nh\u1eefng c\u00e1 th\u1ec3 tham gia v\u00e0o doanh nghi\u1ec7p c\u1ee7a ch\u00fang t\u00f4i. B\u1eb1ng c\u00e1ch k\u1ebft h\u1ee3p s\u1ef1 \u0111\u1ed5i m\u1edbi ti\u00ean ti\u1ebfn, s\u1ef1 \u0111\u00e1ng tin c\u1eady kh\u00f4ng g\u00ec c\u00f3 th\u1ec3 lay chuy\u1ec3n v\u00e0 cam k\u1ebft th\u00fac \u0111\u1ea9y s\u1ef1 h\u1ea1nh ph\u00fac, ch\u00fang t\u00f4i nh\u1eb1m t\u00e1i \u0111\u1ecbnh ngh\u0129a c\u00e1c ti\u00eau chu\u1ea9n xu\u1ea5t s\u1eafc trong ng\u00e0nh gi\u00e0y d\u00e9p<\/span><\/p>\n\t\t<\/div>\n\t\t\t\t\t<\/div>\n\n\t\n<\/div>\n<div class=\"row align-equal row-box-shadow-2-hover\"  id=\"row-450517672\">\n\n\t<div id=\"col-654889921\" class=\"col medium-6 small-12 large-4\"  data-animate=\"bounceInUp\">\n\t\t\t\t<div class=\"col-inner\"  >\n\t\t\t\n\t\t\t\n\n\t<a class=\"plain\" href=\"#\" >\t<div class=\"icon-box featured-box icon-box-center text-center\"  >\n\t\t\t\t\t<div class=\"icon-box-img\" style=\"width: 48px\">\n\t\t\t\t<div class=\"icon\">\n\t\t\t\t\t<div class=\"icon-inner\" >\n\t\t\t\t\t\t<img loading=\"lazy\" decoding=\"async\" width=\"300\" height=\"292\" src=\"https:\/\/erp.x10.mx\/wp-content\/uploads\/2026\/03\/\u87a2\u5e55\u5feb\u7167-2019-02-21-10_49_18-300x292.png\" class=\"attachment-medium size-medium\" alt=\"\" srcset=\"https:\/\/erp.x10.mx\/wp-content\/uploads\/2026\/03\/\u87a2\u5e55\u5feb\u7167-2019-02-21-10_49_18-300x292.png 300w, https:\/\/erp.x10.mx\/wp-content\/uploads\/2026\/03\/\u87a2\u5e55\u5feb\u7167-2019-02-21-10_49_18-12x12.png 12w, https:\/\/erp.x10.mx\/wp-content\/uploads\/2026\/03\/\u87a2\u5e55\u5feb\u7167-2019-02-21-10_49_18.png 538w\" sizes=\"auto, (max-width: 300px) 100vw, 300px\" \/>\t\t\t\t\t<\/div>\n\t\t\t\t<\/div>\n\t\t\t<\/div>\n\t\t\t\t<div class=\"icon-box-text last-reset\">\n\t\t\t\t\t\t\t\t\t\n<h3>Shipping<\/h3>\n<p><span style=\"font-size: 90%;\">Lorem ipsum dolor sit amet consectetuer adipiscing elit.<\/span><\/p>\n\t\t<\/div>\n\t<\/div>\n\t<\/a>\n\t\n\t\t<\/div>\n\t\t\t\t\t<\/div>\n\n\t\n\n\t<div id=\"col-1395010178\" class=\"col medium-6 small-12 large-4\"  data-animate=\"bounceInUp\">\n\t\t\t\t<div class=\"col-inner\"  >\n\t\t\t\n\t\t\t\n\n\t<a class=\"plain\" href=\"#\" >\t<div class=\"icon-box featured-box icon-box-center text-center\"  >\n\t\t\t\t\t<div class=\"icon-box-img\" style=\"width: 48px\">\n\t\t\t\t<div class=\"icon\">\n\t\t\t\t\t<div class=\"icon-inner\" >\n\t\t\t\t\t\t<img loading=\"lazy\" decoding=\"async\" width=\"96\" height=\"96\" src=\"https:\/\/erp.x10.mx\/wp-content\/uploads\/2026\/03\/bank-card-2-line.png\" class=\"attachment-medium size-medium\" alt=\"\" srcset=\"https:\/\/erp.x10.mx\/wp-content\/uploads\/2026\/03\/bank-card-2-line.png 96w, https:\/\/erp.x10.mx\/wp-content\/uploads\/2026\/03\/bank-card-2-line-12x12.png 12w\" sizes=\"auto, (max-width: 96px) 100vw, 96px\" \/>\t\t\t\t\t<\/div>\n\t\t\t\t<\/div>\n\t\t\t<\/div>\n\t\t\t\t<div class=\"icon-box-text last-reset\">\n\t\t\t\t\t\t\t\t\t\n<h3>Payments<\/h3>\n<p><span style=\"font-size: 90%;\">Lorem ipsum dolor sit amet consectetuer adipiscing elit.<\/span><\/p>\n\t\t<\/div>\n\t<\/div>\n\t<\/a>\n\t\n\t\t<\/div>\n\t\t\t\t\t<\/div>\n\n\t\n\n\t<div id=\"col-1199414361\" class=\"col medium-6 small-12 large-4\"  data-animate=\"bounceInUp\">\n\t\t\t\t<div class=\"col-inner\"  >\n\t\t\t\n\t\t\t\n\n\t<a class=\"plain\" href=\"#\" >\t<div class=\"icon-box featured-box icon-box-center text-center\"  >\n\t\t\t\t\t<div class=\"icon-box-img\" style=\"width: 48px\">\n\t\t\t\t<div class=\"icon\">\n\t\t\t\t\t<div class=\"icon-inner\" >\n\t\t\t\t\t\t<img loading=\"lazy\" decoding=\"async\" width=\"96\" height=\"96\" src=\"https:\/\/erp.x10.mx\/wp-content\/uploads\/2026\/03\/arrow-left-right-line.png\" class=\"attachment-medium size-medium\" alt=\"\" srcset=\"https:\/\/erp.x10.mx\/wp-content\/uploads\/2026\/03\/arrow-left-right-line.png 96w, https:\/\/erp.x10.mx\/wp-content\/uploads\/2026\/03\/arrow-left-right-line-12x12.png 12w\" sizes=\"auto, (max-width: 96px) 100vw, 96px\" \/>\t\t\t\t\t<\/div>\n\t\t\t\t<\/div>\n\t\t\t<\/div>\n\t\t\t\t<div class=\"icon-box-text last-reset\">\n\t\t\t\t\t\t\t\t\t\n<h3>Returns<\/h3>\n<p><span style=\"font-size: 90%;\">Lorem ipsum dolor sit amet consectetuer adipiscing elit.<\/span><\/p>\n\t\t<\/div>\n\t<\/div>\n\t<\/a>\n\t\n\t\t<\/div>\n\t\t\t\t\t<\/div>\n\n\t\n\n\t<div id=\"col-1393014821\" class=\"col medium-6 small-12 large-4\"  data-animate=\"bounceInUp\">\n\t\t\t\t<div class=\"col-inner\"  >\n\t\t\t\n\t\t\t\n\n\t<a class=\"plain\" href=\"#\" >\t<div class=\"icon-box featured-box icon-box-center text-center\"  >\n\t\t\t\t\t<div class=\"icon-box-img\" style=\"width: 48px\">\n\t\t\t\t<div class=\"icon\">\n\t\t\t\t\t<div class=\"icon-inner\" >\n\t\t\t\t\t\t<img loading=\"lazy\" decoding=\"async\" width=\"96\" height=\"96\" src=\"https:\/\/erp.x10.mx\/wp-content\/uploads\/2026\/03\/archive-line.png\" class=\"attachment-medium size-medium\" alt=\"\" srcset=\"https:\/\/erp.x10.mx\/wp-content\/uploads\/2026\/03\/archive-line.png 96w, https:\/\/erp.x10.mx\/wp-content\/uploads\/2026\/03\/archive-line-12x12.png 12w\" sizes=\"auto, (max-width: 96px) 100vw, 96px\" \/>\t\t\t\t\t<\/div>\n\t\t\t\t<\/div>\n\t\t\t<\/div>\n\t\t\t\t<div class=\"icon-box-text last-reset\">\n\t\t\t\t\t\t\t\t\t\n<h3>Orders<\/h3>\n<p><span style=\"font-size: 90%;\">Lorem ipsum dolor sit amet consectetuer adipiscing elit.<\/span><\/p>\n\t\t<\/div>\n\t<\/div>\n\t<\/a>\n\t\n\t\t<\/div>\n\t\t\t\t\t<\/div>\n\n\t\n\n\t<div id=\"col-302838552\" class=\"col medium-6 small-12 large-4\"  data-animate=\"bounceInUp\">\n\t\t\t\t<div class=\"col-inner\"  >\n\t\t\t\n\t\t\t\n\n\t<a class=\"plain\" href=\"#\" >\t<div class=\"icon-box featured-box icon-box-center text-center\"  >\n\t\t\t\t\t<div class=\"icon-box-img\" style=\"width: 48px\">\n\t\t\t\t<div class=\"icon\">\n\t\t\t\t\t<div class=\"icon-inner\" >\n\t\t\t\t\t\t<img loading=\"lazy\" decoding=\"async\" width=\"96\" height=\"96\" src=\"https:\/\/erp.x10.mx\/wp-content\/uploads\/2026\/03\/user-smile-line.png\" class=\"attachment-medium size-medium\" alt=\"\" srcset=\"https:\/\/erp.x10.mx\/wp-content\/uploads\/2026\/03\/user-smile-line.png 96w, https:\/\/erp.x10.mx\/wp-content\/uploads\/2026\/03\/user-smile-line-12x12.png 12w\" sizes=\"auto, (max-width: 96px) 100vw, 96px\" \/>\t\t\t\t\t<\/div>\n\t\t\t\t<\/div>\n\t\t\t<\/div>\n\t\t\t\t<div class=\"icon-box-text last-reset\">\n\t\t\t\t\t\t\t\t\t\n<h3>Account<\/h3>\n<p><span style=\"font-size: 90%;\">Lorem ipsum dolor sit amet consectetuer adipiscing elit.<\/span><\/p>\n\t\t<\/div>\n\t<\/div>\n\t<\/a>\n\t\n\t\t<\/div>\n\t\t\t\t\t<\/div>\n\n\t\n\n\t<div id=\"col-862272878\" class=\"col medium-6 small-12 large-4\"  data-animate=\"bounceInUp\">\n\t\t\t\t<div class=\"col-inner\"  >\n\t\t\t\n\t\t\t\n\n\t<a class=\"plain\" href=\"#\" >\t<div class=\"icon-box featured-box icon-box-center text-center\"  >\n\t\t\t\t\t<div class=\"icon-box-img\" style=\"width: 48px\">\n\t\t\t\t<div class=\"icon\">\n\t\t\t\t\t<div class=\"icon-inner\" >\n\t\t\t\t\t\t<img loading=\"lazy\" decoding=\"async\" width=\"96\" height=\"96\" src=\"https:\/\/erp.x10.mx\/wp-content\/uploads\/2026\/03\/file-list-line.png\" class=\"attachment-medium size-medium\" alt=\"\" srcset=\"https:\/\/erp.x10.mx\/wp-content\/uploads\/2026\/03\/file-list-line.png 96w, https:\/\/erp.x10.mx\/wp-content\/uploads\/2026\/03\/file-list-line-12x12.png 12w\" sizes=\"auto, (max-width: 96px) 100vw, 96px\" \/>\t\t\t\t\t<\/div>\n\t\t\t\t<\/div>\n\t\t\t<\/div>\n\t\t\t\t<div class=\"icon-box-text last-reset\">\n\t\t\t\t\t\t\t\t\t\n<h3>Terms<\/h3>\n<p><span style=\"font-size: 90%;\">Lorem ipsum dolor sit amet consectetuer adipiscing elit.<\/span><\/p>\n\t\t<\/div>\n\t<\/div>\n\t<\/a>\n\t\n\t\t<\/div>\n\t\t\t\t\t<\/div>\n\n\t\n\n<style>\n#row-450517672 > .col > .col-inner {\n  padding: 40px 40px 40px 40px;\n  background-color: rgb(255,255,255);\n  border-radius: 20px;\n}\n<\/style>\n<\/div>\n\t\t<\/div>\n\n\t\t\n<style>\n#section_19441690 {\n  padding-top: 60px;\n  padding-bottom: 60px;\n  background-color: rgb(250, 250, 250);\n}\n<\/style>\n\t<\/section>\n\t\n\n\t<section class=\"section\" id=\"section_702730922\">\n\t\t<div class=\"section-bg fill\" >\n\t\t\t\t\t\t\t\t\t\n\t\t\t\n\n\t\t<\/div>\n\n\t\t\n\n\t\t<div class=\"section-content relative\">\n\t\t\t\n<div class=\"row\"  id=\"row-1329322047\">\n\n\t<div id=\"col-927815083\" class=\"col small-12 large-12\"  >\n\t\t\t\t<div class=\"col-inner text-center\"  >\n\t\t\t\n\t\t\t\n<h3>Trending articles<\/h3>\n\t\t<\/div>\n\t\t\t\t\t<\/div>\n\n\t\n<\/div>\n<div class=\"row\"  id=\"row-1555187627\">\n\n\t<div id=\"col-1789864133\" class=\"col medium-12 small-12 large-6\"  >\n\t\t\t\t<div class=\"col-inner\"  >\n\t\t\t\n\t\t\t\n<div class=\"accordion\">\n\t<div id=\"accordion-4115684084\" class=\"accordion-item\">\n\t\t<a id=\"accordion-4115684084-label\" class=\"accordion-title plain\" href=\"#accordion-item-what-if-i-need-to-modify-my-order?\" aria-expanded=\"false\" aria-controls=\"accordion-4115684084-content\">\n\t\t\t<button class=\"toggle\" aria-label=\"Toggle\"><i class=\"icon-angle-down\" aria-hidden=\"true\"><\/i><\/button>\n\t\t\t<span>What if I need to modify my order?<\/span>\n\t\t<\/a>\n\t\t<div id=\"accordion-4115684084-content\" class=\"accordion-inner\" aria-labelledby=\"accordion-4115684084-label\">\n\t\t\t\n<p>Lorem ipsum dolor sit amet, consectetuer adipiscing elit, sed diam nonummy nibh euismod tincidunt ut laoreet dolore magna aliquam erat volutpat.<\/p>\n\t\t<\/div>\n\t<\/div>\n\t\n\t<div id=\"accordion-3407495061\" class=\"accordion-item\">\n\t\t<a id=\"accordion-3407495061-label\" class=\"accordion-title plain\" href=\"#accordion-item-what-if-i-need-to-change-my-shipping-address?\" aria-expanded=\"false\" aria-controls=\"accordion-3407495061-content\">\n\t\t\t<button class=\"toggle\" aria-label=\"Toggle\"><i class=\"icon-angle-down\" aria-hidden=\"true\"><\/i><\/button>\n\t\t\t<span>What if I need to change my shipping address?<\/span>\n\t\t<\/a>\n\t\t<div id=\"accordion-3407495061-content\" class=\"accordion-inner\" aria-labelledby=\"accordion-3407495061-label\">\n\t\t\t\n<p>Lorem ipsum dolor sit amet, consectetuer adipiscing elit, sed diam nonummy nibh euismod tincidunt ut laoreet dolore magna aliquam erat volutpat.<\/p>\n\t\t<\/div>\n\t<\/div>\n\t\n\t<div id=\"accordion-2584229148\" class=\"accordion-item\">\n\t\t<a id=\"accordion-2584229148-label\" class=\"accordion-title plain\" href=\"#accordion-item-can-i-get-same-day-delivery?\" aria-expanded=\"false\" aria-controls=\"accordion-2584229148-content\">\n\t\t\t<button class=\"toggle\" aria-label=\"Toggle\"><i class=\"icon-angle-down\" aria-hidden=\"true\"><\/i><\/button>\n\t\t\t<span>Can I get same day delivery?<\/span>\n\t\t<\/a>\n\t\t<div id=\"accordion-2584229148-content\" class=\"accordion-inner\" aria-labelledby=\"accordion-2584229148-label\">\n\t\t\t\n<p>Lorem ipsum dolor sit amet, consectetuer adipiscing elit, sed diam nonummy nibh euismod tincidunt ut laoreet dolore magna aliquam erat volutpat.<\/p>\n\t\t<\/div>\n\t<\/div>\n\t\n<\/div>\n\t\t<\/div>\n\t\t\t\t\t<\/div>\n\n\t\n\n\t<div id=\"col-1600290045\" class=\"col medium-12 small-12 large-6\"  >\n\t\t\t\t<div class=\"col-inner\"  >\n\t\t\t\n\t\t\t\n<div class=\"accordion\">\n\t<div id=\"accordion-3797534150\" class=\"accordion-item\">\n\t\t<a id=\"accordion-3797534150-label\" class=\"accordion-title plain\" href=\"#accordion-item-how-to-get-a-refund?\" aria-expanded=\"false\" aria-controls=\"accordion-3797534150-content\">\n\t\t\t<button class=\"toggle\" aria-label=\"Toggle\"><i class=\"icon-angle-down\" aria-hidden=\"true\"><\/i><\/button>\n\t\t\t<span>How to get a refund?<\/span>\n\t\t<\/a>\n\t\t<div id=\"accordion-3797534150-content\" class=\"accordion-inner\" aria-labelledby=\"accordion-3797534150-label\">\n\t\t\t\n<p>Lorem ipsum dolor sit amet, consectetuer adipiscing elit, sed diam nonummy nibh euismod tincidunt ut laoreet dolore magna aliquam erat volutpat.<\/p>\n\t\t<\/div>\n\t<\/div>\n\t\n\t<div id=\"accordion-1565859664\" class=\"accordion-item\">\n\t\t<a id=\"accordion-1565859664-label\" class=\"accordion-title plain\" href=\"#accordion-item-i-lost-my-password,-how-to-login?\" aria-expanded=\"false\" aria-controls=\"accordion-1565859664-content\">\n\t\t\t<button class=\"toggle\" aria-label=\"Toggle\"><i class=\"icon-angle-down\" aria-hidden=\"true\"><\/i><\/button>\n\t\t\t<span>I lost my password, how to login?<\/span>\n\t\t<\/a>\n\t\t<div id=\"accordion-1565859664-content\" class=\"accordion-inner\" aria-labelledby=\"accordion-1565859664-label\">\n\t\t\t\n<p>Lorem ipsum dolor sit amet, consectetuer adipiscing elit, sed diam nonummy nibh euismod tincidunt ut laoreet dolore magna aliquam erat volutpat.<\/p>\n\t\t<\/div>\n\t<\/div>\n\t\n\t<div id=\"accordion-1467496484\" class=\"accordion-item\">\n\t\t<a id=\"accordion-1467496484-label\" class=\"accordion-title plain\" href=\"#accordion-item-what-happens-with-my-personal-data?\" aria-expanded=\"false\" aria-controls=\"accordion-1467496484-content\">\n\t\t\t<button class=\"toggle\" aria-label=\"Toggle\"><i class=\"icon-angle-down\" aria-hidden=\"true\"><\/i><\/button>\n\t\t\t<span>What happens with my personal data?<\/span>\n\t\t<\/a>\n\t\t<div id=\"accordion-1467496484-content\" class=\"accordion-inner\" aria-labelledby=\"accordion-1467496484-label\">\n\t\t\t\n<p>Lorem ipsum dolor sit amet, consectetuer adipiscing elit, sed diam nonummy nibh euismod tincidunt ut laoreet dolore magna aliquam erat volutpat.<\/p>\n\t\t<\/div>\n\t<\/div>\n\t\n<\/div>\n\t\t<\/div>\n\t\t\t\t\t<\/div>\n\n\t\n<\/div>\n<div class=\"row\"  id=\"row-622449228\">\n\n\t<div id=\"col-1347786226\" class=\"col small-12 large-12\"  >\n\t\t\t\t<div class=\"col-inner text-center dark\" style=\"background-color:#273647;\" >\n\t\t\t\n\t\t\t\n<h3>Still have a question?<\/h3>\n<p>Please contact us for more information.<\/p>\n<a class=\"button primary\" style=\"border-radius:5px;padding:10px 30px 10px 30px;\">\n\t\t<span>Get in touch<\/span>\n\t<\/a>\n\n\t\t<\/div>\n\t\t\t\t\n<style>\n#col-1347786226 > .col-inner {\n  padding: 40px 40px 40px 40px;\n  margin: 40px 0px 0px 0px;\n  border-radius: 20px;\n}\n<\/style>\n\t<\/div>\n\n\t\n<\/div>\n\t\t<\/div>\n\n\t\t\n<style>\n#section_702730922 {\n  padding-top: 80px;\n  padding-bottom: 80px;\n}\n<\/style>\n\t<\/section>","protected":false},"excerpt":{"rendered":"","protected":false},"author":1,"featured_media":0,"parent":0,"menu_order":0,"comment_status":"closed","ping_status":"closed","template":"page-blank.php","meta":{"footnotes":""},"class_list":["post-142","page","type-page","status-publish","hentry"],"_links":{"self":[{"href":"https:\/\/erp.x10.mx\/en\/wp-json\/wp\/v2\/pages\/142","targetHints":{"allow":["GET"]}}],"collection":[{"href":"https:\/\/erp.x10.mx\/en\/wp-json\/wp\/v2\/pages"}],"about":[{"href":"https:\/\/erp.x10.mx\/en\/wp-json\/wp\/v2\/types\/page"}],"author":[{"embeddable":true,"href":"https:\/\/erp.x10.mx\/en\/wp-json\/wp\/v2\/users\/1"}],"replies":[{"embeddable":true,"href":"https:\/\/erp.x10.mx\/en\/wp-json\/wp\/v2\/comments?post=142"}],"version-history":[{"count":3,"href":"https:\/\/erp.x10.mx\/en\/wp-json\/wp\/v2\/pages\/142\/revisions"}],"predecessor-version":[{"id":154,"href":"https:\/\/erp.x10.mx\/en\/wp-json\/wp\/v2\/pages\/142\/revisions\/154"}],"wp:attachment":[{"href":"https:\/\/erp.x10.mx\/en\/wp-json\/wp\/v2\/media?parent=142"}],"curies":[{"name":"wp","href":"https:\/\/api.w.org\/{rel}","templated":true}]}}